{"id":2,"date":"2022-07-28T00:47:57","date_gmt":"2022-07-28T00:47:57","guid":{"rendered":"http:\/\/lafuente.mx\/?page_id=2"},"modified":"2025-09-26T15:49:58","modified_gmt":"2025-09-26T15:49:58","slug":"about","status":"publish","type":"page","link":"https:\/\/lafuente.mx\/?page_id=2","title":{"rendered":"Acerca de nosotros"},"content":{"rendered":"\n<p>El Blog <em>La Fuente<\/em> es un espacio digital creado por el <strong>Instituto Nacional de Psiquiatr\u00eda Ram\u00f3n de la Fuente Mu\u00f1iz (INPRFM)<\/strong> con el prop\u00f3sito de <strong>difundir informaci\u00f3n confiable, actualizada y accesible sobre salud mental<\/strong>.<\/p>\n\n\n\n<p>Nuestro objetivo es contribuir a la <strong>educaci\u00f3n, sensibilizaci\u00f3n y prevenci\u00f3n<\/strong>, acercando al p\u00fablico general y al personal de salud contenidos de calidad que promuevan el bienestar psicol\u00f3gico.<\/p>\n\n\n\n<p><\/p>\n","protected":false},"excerpt":{"rendered":"<p>El Blog La Fuente es un espacio digital creado por el Instituto Nacional de Psiquiatr\u00eda Ram\u00f3n de la Fuente Mu\u00f1iz (INPRFM) con el prop\u00f3sito de<\/p>\n","protected":false},"author":1,"featured_media":0,"parent":0,"menu_order":0,"comment_status":"closed","ping_status":"closed","template":"","meta":{"footnotes":""},"yoast_head":"<!-- This site is optimized with the Yoast SEO plugin v19.4 - https:\/\/yoast.com\/wordpress\/plugins\/seo\/ -->\n<title>Acerca de nosotros -<\/title>\n<meta name=\"robots\" content=\"index, follow, max-snippet:-1, max-image-preview:large, max-video-preview:-1\" \/>\n<link rel=\"canonical\" href=\"https:\/\/lafuente.mx\/?page_id=2\" \/>\n<meta property=\"og:locale\" content=\"es_MX\" \/>\n<meta property=\"og:type\" content=\"article\" \/>\n<meta property=\"og:title\" content=\"Acerca de nosotros -\" \/>\n<meta property=\"og:description\" content=\"El Blog La Fuente es un espacio digital creado por el Instituto Nacional de Psiquiatr\u00eda Ram\u00f3n de la Fuente Mu\u00f1iz (INPRFM) con el prop\u00f3sito de\" \/>\n<meta property=\"og:url\" content=\"https:\/\/lafuente.mx\/?page_id=2\" \/>\n<meta property=\"article:modified_time\" content=\"2025-09-26T15:49:58+00:00\" \/>\n<meta name=\"twitter:card\" content=\"summary_large_image\" \/>\n<meta name=\"twitter:label1\" content=\"Tiempo de lectura\" \/>\n\t<meta name=\"twitter:data1\" content=\"1 minuto\" \/>\n<script type=\"application\/ld+json\" class=\"yoast-schema-graph\">{\"@context\":\"https:\/\/schema.org\",\"@graph\":[{\"@type\":\"WebSite\",\"@id\":\"https:\/\/lafuente.mx\/#website\",\"url\":\"https:\/\/lafuente.mx\/\",\"name\":\"\",\"description\":\"Informaci\u00f3n confiable sobre salud mental\",\"potentialAction\":[{\"@type\":\"SearchAction\",\"target\":{\"@type\":\"EntryPoint\",\"urlTemplate\":\"https:\/\/lafuente.mx\/?s={search_term_string}\"},\"query-input\":\"required name=search_term_string\"}],\"inLanguage\":\"es-MX\"},{\"@type\":\"WebPage\",\"@id\":\"https:\/\/lafuente.mx\/?page_id=2\",\"url\":\"https:\/\/lafuente.mx\/?page_id=2\",\"name\":\"Acerca de nosotros -\",\"isPartOf\":{\"@id\":\"https:\/\/lafuente.mx\/#website\"},\"datePublished\":\"2022-07-28T00:47:57+00:00\",\"dateModified\":\"2025-09-26T15:49:58+00:00\",\"breadcrumb\":{\"@id\":\"https:\/\/lafuente.mx\/?page_id=2#breadcrumb\"},\"inLanguage\":\"es-MX\",\"potentialAction\":[{\"@type\":\"ReadAction\",\"target\":[\"https:\/\/lafuente.mx\/?page_id=2\"]}]},{\"@type\":\"BreadcrumbList\",\"@id\":\"https:\/\/lafuente.mx\/?page_id=2#breadcrumb\",\"itemListElement\":[{\"@type\":\"ListItem\",\"position\":1,\"name\":\"Inicio\",\"item\":\"https:\/\/lafuente.mx\/\"},{\"@type\":\"ListItem\",\"position\":2,\"name\":\"Acerca de nosotros\"}]}]}<\/script>\n<!-- \/ Yoast SEO plugin. -->","yoast_head_json":{"title":"Acerca de nosotros -","robots":{"index":"index","follow":"follow","max-snippet":"max-snippet:-1","max-image-preview":"max-image-preview:large","max-video-preview":"max-video-preview:-1"},"canonical":"https:\/\/lafuente.mx\/?page_id=2","og_locale":"es_MX","og_type":"article","og_title":"Acerca de nosotros -","og_description":"El Blog La Fuente es un espacio digital creado por el Instituto Nacional de Psiquiatr\u00eda Ram\u00f3n de la Fuente Mu\u00f1iz (INPRFM) con el prop\u00f3sito de","og_url":"https:\/\/lafuente.mx\/?page_id=2","article_modified_time":"2025-09-26T15:49:58+00:00","twitter_card":"summary_large_image","twitter_misc":{"Tiempo de lectura":"1 minuto"},"schema":{"@context":"https:\/\/schema.org","@graph":[{"@type":"WebSite","@id":"https:\/\/lafuente.mx\/#website","url":"https:\/\/lafuente.mx\/","name":"","description":"Informaci\u00f3n confiable sobre salud mental","potentialAction":[{"@type":"SearchAction","target":{"@type":"EntryPoint","urlTemplate":"https:\/\/lafuente.mx\/?s={search_term_string}"},"query-input":"required name=search_term_string"}],"inLanguage":"es-MX"},{"@type":"WebPage","@id":"https:\/\/lafuente.mx\/?page_id=2","url":"https:\/\/lafuente.mx\/?page_id=2","name":"Acerca de nosotros -","isPartOf":{"@id":"https:\/\/lafuente.mx\/#website"},"datePublished":"2022-07-28T00:47:57+00:00","dateModified":"2025-09-26T15:49:58+00:00","breadcrumb":{"@id":"https:\/\/lafuente.mx\/?page_id=2#breadcrumb"},"inLanguage":"es-MX","potentialAction":[{"@type":"ReadAction","target":["https:\/\/lafuente.mx\/?page_id=2"]}]},{"@type":"BreadcrumbList","@id":"https:\/\/lafuente.mx\/?page_id=2#breadcrumb","itemListElement":[{"@type":"ListItem","position":1,"name":"Inicio","item":"https:\/\/lafuente.mx\/"},{"@type":"ListItem","position":2,"name":"Acerca de nosotros"}]}]}},"jetpack-related-posts":[],"jetpack_sharing_enabled":true,"jetpack_shortlink":"https:\/\/wp.me\/Pe9WUx-2","_links":{"self":[{"href":"https:\/\/lafuente.mx\/index.php?rest_route=\/wp\/v2\/pages\/2"}],"collection":[{"href":"https:\/\/lafuente.mx\/index.php?rest_route=\/wp\/v2\/pages"}],"about":[{"href":"https:\/\/lafuente.mx\/index.php?rest_route=\/wp\/v2\/types\/page"}],"author":[{"embeddable":true,"href":"https:\/\/lafuente.mx\/index.php?rest_route=\/wp\/v2\/users\/1"}],"replies":[{"embeddable":true,"href":"https:\/\/lafuente.mx\/index.php?rest_route=%2Fwp%2Fv2%2Fcomments&post=2"}],"version-history":[{"count":3,"href":"https:\/\/lafuente.mx\/index.php?rest_route=\/wp\/v2\/pages\/2\/revisions"}],"predecessor-version":[{"id":3286,"href":"https:\/\/lafuente.mx\/index.php?rest_route=\/wp\/v2\/pages\/2\/revisions\/3286"}],"wp:attachment":[{"href":"https:\/\/lafuente.mx\/index.php?rest_route=%2Fwp%2Fv2%2Fmedia&parent=2"}],"curies":[{"name":"wp","href":"https:\/\/api.w.org\/{rel}","templated":true}]}}